{"id":5074,"date":"2016-10-29T09:51:22","date_gmt":"2016-10-29T07:51:22","guid":{"rendered":"http:\/\/alpensex-kontakte.com\/dating\/?page_id=5074"},"modified":"2016-11-16T14:01:21","modified_gmt":"2016-11-16T13:01:21","slug":"singlesuche","status":"publish","type":"page","link":"https:\/\/alpensex-kontakte.com\/dating\/singlesuche\/","title":{"rendered":"Singlesuche"},"content":{"rendered":"<h1><strong>Dating Single<\/strong> Suche aus <strong>\u00d6stereich und der Schweiz<\/strong> !<\/h1>\n<h2>Suche und finde hier genau den <strong>Partner<\/strong> nach Deinen individuellen W\u00fcnschen.<\/h2>\n<h3>W\u00e4hle aus Deinen ganz speziellen W\u00fcnschen Deine neue <strong>Dating Kontakte<\/strong>.<\/h3>\n<p>Dating Kontakte aus \u00d6sterreich<br \/>\n<iframe loading=\"lazy\" src=\"http:\/\/ptcdn.mbicash.nl\/thumbs\/generator?prid=101648&amp;p=362222&amp;nas=thumbs_200x100_ifr&amp;siteid=93&amp;sitelng=DE&amp;wmlng=de&amp;leeftijdvan=18&amp;leeftijdtot=70&amp;geslachtprofiel=v&amp;geslachtzoekt=m&amp;land=&amp;sortering=1&amp;colorbackground=2B466F&amp;colortext=C0C0C0&amp;colorlink=FFFFFF&amp;thumbviewid=4&amp;space=1&amp;row=3&amp;aantal=9&amp;pi=&amp;output=html\" width=\"606\" height=\"306\" frameborder=\"0\" scrolling=\"no\"><\/iframe><br \/>\nDating Kontakte aus der Schweiz<br \/>\n<iframe loading=\"lazy\" src=\"http:\/\/ptcdn.mbicash.nl\/thumbs\/generator?prid=23392&amp;p=362222&amp;nas=thumbs_200x100_ifr&amp;siteid=28&amp;sitelng=DE&amp;wmlng=de&amp;leeftijdvan=18&amp;leeftijdtot=70&amp;geslachtprofiel=v&amp;geslachtzoekt=m&amp;land=&amp;sortering=1&amp;colorbackground=2B466F&amp;colortext=C0C0C0&amp;colorlink=FFFFFF&amp;thumbviewid=4&amp;space=1&amp;row=3&amp;aantal=9&amp;pi=&amp;output=html\" width=\"606\" height=\"306\" frameborder=\"0\" scrolling=\"no\"><\/iframe><\/p>\n","protected":false},"excerpt":{"rendered":"<p>Dating Single Suche aus \u00d6stereich und der Schweiz ! Suche und finde hier genau den Partner nach Deinen individuellen W\u00fcnschen. W\u00e4hle aus Deinen ganz speziellen W\u00fcnschen Deine neue Dating Kontakte. Dating Kontakte aus \u00d6sterreich Dating Kontakte aus der Schweiz<\/p>\n","protected":false},"author":1,"featured_media":0,"parent":0,"menu_order":0,"comment_status":"closed","ping_status":"closed","template":"templates\/sidebar-right.php","meta":{"om_disable_all_campaigns":false,"footnotes":""},"class_list":["post-5074","page","type-page","status-publish","hentry"],"aioseo_notices":[],"_links":{"self":[{"href":"https:\/\/alpensex-kontakte.com\/dating\/wp-json\/wp\/v2\/pages\/5074","targetHints":{"allow":["GET"]}}],"collection":[{"href":"https:\/\/alpensex-kontakte.com\/dating\/wp-json\/wp\/v2\/pages"}],"about":[{"href":"https:\/\/alpensex-kontakte.com\/dating\/wp-json\/wp\/v2\/types\/page"}],"author":[{"embeddable":true,"href":"https:\/\/alpensex-kontakte.com\/dating\/wp-json\/wp\/v2\/users\/1"}],"replies":[{"embeddable":true,"href":"https:\/\/alpensex-kontakte.com\/dating\/wp-json\/wp\/v2\/comments?post=5074"}],"version-history":[{"count":24,"href":"https:\/\/alpensex-kontakte.com\/dating\/wp-json\/wp\/v2\/pages\/5074\/revisions"}],"predecessor-version":[{"id":7959,"href":"https:\/\/alpensex-kontakte.com\/dating\/wp-json\/wp\/v2\/pages\/5074\/revisions\/7959"}],"wp:attachment":[{"href":"https:\/\/alpensex-kontakte.com\/dating\/wp-json\/wp\/v2\/media?parent=5074"}],"curies":[{"name":"wp","href":"https:\/\/api.w.org\/{rel}","templated":true}]}}