{"id":12210,"date":"2018-05-25T07:27:15","date_gmt":"2018-05-25T05:27:15","guid":{"rendered":"http:\/\/alpensex-kontakte.com\/dating\/?page_id=12210"},"modified":"2018-05-25T07:29:48","modified_gmt":"2018-05-25T05:29:48","slug":"datenschutzerklaerung","status":"publish","type":"page","link":"https:\/\/alpensex-kontakte.com\/dating\/datenschutzerklaerung\/","title":{"rendered":"Datenschutzerkl\u00e4rung"},"content":{"rendered":"<h1>Datenschutzerkl\u00e4rung<\/h1>\n<p><strong>Geltungsbereich<\/strong><\/p>\n<p>Diese Datenschutzerkl\u00e4rung soll die Nutzer der Webseiten der <strong>Rotehaus Site Group<\/strong><br \/>\ngem\u00e4\u00df Bundesdatenschutzgesetz und Telemediengesetz sowie in \u00fcbereinstimmung mit der EU-DSGVO \u00fcber die Art, den Umfang und den Zweck <br \/>\nder Erhebung und Verwendung personenbezogener Daten durch den Webseitenbetreiber Rotehaus Site Group informieren.<\/p>\n<p>Wir als Webseitenbetreiber nehmen Ihren Datenschutz sehr ernst, wir erfassen ausser Ihrer IP Adresse in den Logfiles keine personenbezogenen Daten. Wir behandes diese<br \/>\nDaten vertraulich. Eine Weitergabe an Dritte erfolgt nicht. <br \/>\nBedenken Sie, dass die Daten\u00fcbertragung im Internet grunds\u00e4tzlich mit Sicherheitsl\u00fccken bedacht sein kann. Ein vollumf\u00e4nglicher Schutz vor dem Zugriff durch Fremde ist nicht realisierbar.<\/p>\n<p><strong>Zugriffsdaten:<\/strong><\/p>\n<p>Der Webseitenbetreiber bzw. Seitenprovider erhebt Daten \u00fcber Zugriffe auf die Seite und speichert diese als &#8222;Server-Logfiles&#8220; ab.<br \/>\nFolgende Daten werden so protokolliert:<\/p>\n<li>Besuchte Webseite<\/li>\n<li>Uhrzeit zum Zeitpunkt des Zugriffes<\/li>\n<li>Menge der gesendeten Daten in Byte<\/li>\n<li>Quelle\/Verweis, von welchem Sie auf die Seite gelangten<\/li>\n<li>Verwendeter Browser<\/li>\n<li>Verwendetes Betriebssystem<\/li>\n<li>Verwendete IP-Adresse<\/li>\n<p>\nDie erhobenen Daten dienen lediglich statistischen Auswertungen und zur Verbesserung der Website.<br \/>\nDer Webseitenbetreiber beh\u00e4lt sich allerdings vor, die Server-Logfiles nachtr\u00e4glich zu<br \/>\n\u00fcberpr\u00fcfen, sollten konkrete Anhaltspunkte auf eine rechtswidrige Nutzung hinweisen.<\/p>\n<p><strong>Cookies<\/strong><\/p>\n<p>Diese Webseiten der Rotehaus Site Group verwendet keine eigenen Cookies. Es sind aber Cookies von Fremdanbietern auf unseren Seiten vorhanden.<br \/>\nDiese werden weiter unten in dieser Erkl\u00e4rung im einzelnen genannt.<br \/>\nDabei handelt es sich um kleine Textdateien, welche auf Ihrem Endger\u00e4t gespeichert werden. Ihr Browser greift auf diese Dateien zu. Durch den<br \/>\nEinsatz von Cookies erh\u00f6ht sich die Benutzerfreundlichkeit und Sicherheit dieser Webseite.<br \/>\nG\u00e4ngige Browser bieten die Einstellungsoption, Cookies nicht zuzulassen. <br \/>\nInternet Explorer: <a href=\"http:\/\/windows.microsoft.com\/de-DE\/windows-vista\/Block-or-allow-cookies\" target=\"_blank\">http:\/\/windows.microsoft.com\/de-DE\/windows-vista\/Block-or-allow-cookies<\/a><br \/>\nFirefox:<a href=\"https:\/\/support.mozilla.org\/de\/kb\/cookies-erlauben-und-ablehnen\" target=\"_blank\">https:\/\/support.mozilla.org\/de\/kb\/cookies-erlauben-und-ablehnen<\/a><br \/>\nChrome: <a href=\"http:\/\/support.google.com\/chrome\/bin\/answer.py?hl=de&#038;hlrm=en&#038;answer=95647\" target=\"_blank\">http:\/\/support.google.com\/chrome\/bin\/answer.py?hl=de&amp;hlrm=en&amp;answer=95647<\/a><br \/>\nSafari: <a href=\"https:\/\/support.apple.com\/kb\/ph21411?locale=de_DE\" target=\"_blank\">https:\/\/support.apple.com\/kb\/ph21411?locale=de_DE<\/a><br \/>\nOpera: <a href=\"http:\/\/help.opera.com\/Windows\/10.20\/de\/cookies.html\" target=\"_blank\">http:\/\/help.opera.com\/Windows\/10.20\/de\/cookies.html<\/a><br \/>\nHinweis: <br \/>\nEs ist nicht gew\u00e4hrleistet, dass Sie auf alle Funktionen dieser Webseite<br \/>\nohne Einschr\u00e4nkungen zugreifen k\u00f6nnen, wenn Sie entsprechende Einstellungen vornehmen.<br \/>\nUmgang mit personenbezogenen Daten.<\/p>\n<p>Der Webseitenbetreiber erhebt, nutzt und gibt Ihre personenbezogenen Daten nur dann weiter,<br \/>\nwenn dies im gesetzlichen Rahmen erlaubt ist oder Sie in die Datenerhebung einwilligen.<br \/>\nAls personenbezogene Daten gelten s\u00e4mtliche Informationen, welche dazu dienen, Ihre<br \/>\nPerson zu bestimmen und welche zu Ihnen zur\u00fcckverfolgt werden k\u00f6nnen also beispielsweise Ihr Name, Ihre E-Mail Adresse und Telefonnummer.<\/p>\n<p><strong>Umgang mit Kontaktdaten<\/strong><\/p>\n<p>Nehmen Sie mit uns als Webseitenbetreiber durch die angebotenen Kontaktm\u00f6glichkeiten Verbindung auf, werden Ihre Angaben gespeichert,<br \/>\ndamit auf diese zur Bearbeitung und Beantwortung Ihrer Anfrage zur\u00fcckgegriffen werden kann. Ohne Ihre Einwilligung werden diese Daten nicht an Dritte weitergegeben.<\/p>\n<p><strong>Umgang mit Kommentaren und Beitr\u00e4gen<\/strong><\/p>\n<p>Hinterlassen Sie auf dieser Webseite einen Beitrag oder Kommentar, wird Ihre IP-Adresse gespeichert.<br \/>\nDies dient der Sicherheit des Webseitenbetreibers: Verst\u00f6\u00dft Ihr Text gegen das<br \/>\nRecht, m\u00fcssen wir Ihre Identit\u00e4t nachverfolgen k\u00f6nnen.<\/p>\n<p><strong>Google Analytics<\/strong><\/p>\n<p>Diese Webseite nutzt den Dienst \u201eGoogle Analytics\u201c, welcher von der Google Inc. (1600<br \/>\nAmphitheatre Parkway Mountain View, CA 94043, USA) angeboten wird, zur Analyse der Webseite benutzung durch Nutzer.<br \/>\nDer Dienst verwendet \u201eCookies\u201c Textdateien, welche auf Ihrem Endger\u00e4t gespeichert werden. Die durch die Cookies gesammelten Informationen<br \/>\nwerden im Regelfall an einen Google-Server in den USA gesandt und dort gespeichert.<\/p>\n<p>Auf dieser Webseite greift die IP-Anonymisierung <\/br><\/p>\n<p>Die IP-Adresse der Nutzer wird innerhalb der Mitgliedsstaaten der EU und des Europ\u00e4ischen Wirtschaftsraum gek\u00fcrzt. Durch diese K\u00fcrzung entf\u00e4llt der<br \/>\nPersonenbezug Ihrer IP-Adresse. Im Rahmen der Vereinbarung zur Auftragsdatenvereinbarung, welche die Webseitenbetreiber mit der Google Inc. geschlossen<br \/>\nhaben, erstellt diese mithilfe der gesammelten Informationen eine Auswertung der Webseitennutzung und der Webseitenaktivit\u00e4t und erbringt mit der Internetnutzung verbundene<br \/>\nDienstleistungen.<br \/>\nSie haben die M\u00f6glichkeit, die Speicherung des Cookies auf Ihrem Ger\u00e4t zu verhindern, indem Sie in Ihrem Browser entsprechende Einstellungen vornehmen. Es ist nicht<br \/>\ngew\u00e4hrleistet, dass Sie auf alle Funktionen dieser Webesite ohne Einschr\u00e4nkungen zugreifen k\u00f6nnen, wenn Ihr Browser keine Cookies zul\u00e4sst.<br \/>\nWeiterhin k\u00f6nnen Sie durch ein Browser-Plugin verhindern, dass die durch Cookies gesammelten Informationen (inklusive Ihrer IP-Adresse) an die Google Inc. gesendet und<br \/>\nvon der Google Inc. genutzt werden.<br \/>\nFolgender Link f\u00fchrt Sie zu dem entsprechenden<br \/>\nPlugin:<br \/>\n<a href=\"https:\/\/tools.google.com\/dlpage\/gaoptout?hl=de\" target=\"_blank\">https:\/\/tools.google.com\/dlpage\/gaoptout?hl=de<\/a><\/p>\n<p>Alternativ verhindern Sie mit einem Klick auf diesen Link<br \/>\n(WICHTIG! Opt-Out-Link einf\u00fcgen), dass Google Analytics innerhalb dieser Webseite Daten \u00fcber Sie erfasst.<br \/>\nMit dem Klick auf obigen Link laden Sie ein \u201eOpt-Out-Cookie\u201c herunter. Ihr Browser muss die Speicherung von Cookies also hierzu grunds\u00e4tzlich erlauben.<br \/>\nL\u00f6schen Sie Ihre Cookies regelm\u00e4\u00dfig, ist ein erneuter Klick auf den Link bei jedem Besuch dieser Webseite vonn\u00f6ten.<\/p>\n<p>Hier finden Sie weitere Informationen zur Datennutzung durch die Google Inc.:<br \/>\n<a href=\"https:\/\/support.google.com\/analytics\/answer\/6004245?hl=de\" target=\"_blank\">https:\/\/support.google.com\/analytics\/answer\/6004245?hl=de<\/a><\/p>\n<p><strong>Tools und Sonstiges<\/strong><\/p>\n<p>Google reCAPTCHA<br \/>\nAuf dieser Website verwenden wir auch die reCAPTCHA Funktion von Google LLC, 1600 Amphitheatre Parkway, Mountain View, CA 94043, USA (\u201eGoogle\u201c). Diese Funktion dient vor allem zur Unterscheidung, ob eine Eingabe durch eine nat\u00fcrliche Person erfolgt oder missbr\u00e4uchlich durch maschinelle und automatisierte Verarbeitung erfolgt. Der Dienst inkludiert den Versand der IP-Adresse und ggf. weiterer von Google f\u00fcr den Dienst reCAPTCHA ben\u00f6tigter Daten an Google und erfolgt gem\u00e4\u00df Art. 6 Abs. 1 lit. f DSGVO auf Basis unseres berechtigten Interesses an der Feststellung der individuellen Willensgetragenheit von Handlungen im Internet und der Vermeidung von Missbrauch und Spam.<br \/>\nGoogle LLC mit Sitz in den USA ist f\u00fcr das us-europ\u00e4ische Datenschutz\u00fcbereinkommen \u201ePrivacy Shield\u201c zertifiziert, welches die Einhaltung des in der EU geltenden Datenschutzniveaus gew\u00e4hrleistet.<br \/>\nWeiterf\u00fchrende Informationen zu Google reCAPTCHA sowie die Datenschutzerkl\u00e4rung von Google k\u00f6nnen Sie einsehen unter: <a href=\"https:\/\/www.google.com\/intl\/de\/policies\/privacy\/\" target=\"_blank\">https:\/\/www.google.com\/intl\/de\/policies\/privacy\/<\/a><\/p>\n<p><strong>Matomo<\/strong><\/p>\n<p>Auf den Webseiten der  Rotehaus Site Group greift die IP-Anonymisierung <\/br><br \/>\nDie IP-Adresse der Nutzer wird innerhalb der Mitgliedsstaaten der EU und des Europ\u00e4ischen Wirtschaftsraum gek\u00fcrzt. Durch diese K\u00fcrzung entf\u00e4llt der<br \/>\nPersonenbezug Ihrer IP-Adresse. Sie haben die M\u00f6glichkeit, die Speicherung des Cookies auf Ihrem Ger\u00e4t zu verhindern, indem Sie in Ihrem Browser entsprechende Einstellungen vornehmen. Es ist nicht<br \/>\ngew\u00e4hrleistet, dass Sie auf alle Funktionen dieser Webseite ohne Einschr\u00e4nkungen zugreifen k\u00f6nnen, wenn Ihr Browser keine Cookies zul\u00e4sst.<br \/>\n<iframe\n        style=\"border: 0; height: 200px; width: 100%;\"\n        src=\"http:\/\/rotehaus.net\/analyse\/index.php?module=CoreAdminHome&#038;action=optOut&#038;language=de&#038;backgroundColor=&#038;fontColor=&#038;fontSize=&#038;fontFamily=\"\n        ><\/iframe><\/p>\n<p><strong>Nutzung von Social-Media-Plugins<\/strong><\/p>\n<p>Die Webseiten der Rotehaus Site Group verwenden keine Facebook Social Plugins.<\/p>\n<p>Die Webseiten der Rotehaus Site Group nutzt die &#8222;+1&#8220; &#8211; Schaltfl\u00e4che von Google Plus. Betrieben wird diese von der Google Inc. (1600 Amphitheatre Parkway Mountain View, CA 94043, USA).<br \/>\nBesuchen Sie eine Seite, welche die &#8222;+1&#8220;- Schaltfl\u00e4che enth\u00e4lt, entsteht eine direkte Verbindung zwischen Ihrem Browser und den Google-Servern.<br \/>\nDer Webseitebentreiber hat daher keinerlei Einfluss auf die Natur und den Umfang der Daten, welche das Plugin an die Server der Google Inc. \u00fcbermitteln.<br \/>\nKlicken Sie auf den &#8222;+1&#8220; &#8211; Button, w\u00e4hrend Sie in Google + angemeldet sind, teilen Sie die Inhalte der Seite auf Ihrem \u00f6ffentlichen Profil.<br \/>\nPersonenbezogene Daten werden laut der Google Inc. erst dann erhoben, wenn Sie auf die Schaltfl\u00e4che klicken. Auch bei eingeloggten Google-Nutzern wird unter anderem<br \/>\ndie IP-Adresse gespeichert. M\u00f6chten Sie verhindern, dass die Google Inc. diese Daten speichert und mit Ihrem Konto verkn\u00fcpft, loggen Sie sich bitte vor dem Besuch dieser<br \/>\nWebseite aus. Informationen zur &#8222;+1&#8220;- Schaltfl\u00e4che finden Sie hier:<br \/>\n<a href=\"https:\/\/developers.google.com\/+\/web\/buttons-policy\" target=\"_blank\">https:\/\/developers.google.com\/+\/web\/buttons-policy<\/a><br \/>\nWeiterhin nutzt diese Webseite Twitter-Schlatfl\u00e4chen. Betrieben werden diese von der Twitter Inc. (795 Folsom St., Suite 600, San Francisco, CA 94107, USA).<br \/>\nBesuchen Sie eine Seite, welche eine solche Schaltfl\u00e4che enth\u00e4lt, entsteht eine direkte Verbindung zwischen Ihrem Browser und den Twitter-Servern.<br \/>\nDer Webseitenbetreiber hat daher keinerlei Einfluss \u00fcber die Natur und den Umfang der Daten, welche das Plugin an die Server Twitter Inc. \u00fcbermittelt.<br \/>\nGem\u00e4\u00df der Twitter Inc. wird dabei allein Ihre IP-Adresse erhoben und gespeichert. Informationen zu dem Umgang mit personenbezogenen Daten durch die<br \/>\nTwitter Inc. finden Sie hier:<br \/>\n<a href=\"https:\/\/twitter.com\/privacy?lang=de\" target=\"_blank\">https:\/\/twitter.com\/privacy?lang=de<\/a><\/p>\n<p><strong>Cloudflare<\/strong><\/p>\n<p>Einge Seiten der Rotehaus Site Group nutzen Cloudflare (Cloudflare, Inc. 101 Townsend St. San Francisco, CA 94107)<br \/>\n<a href=\"mailto: privacy@cloudflare.com\"> privacy@cloudflare.com<\/a><br \/>\nals Dienstleister.Cloudflare, Inc. ist ein US-amerikanisches Unternehmen, das ein Content Delivery Network, Internetsicherheitsdienste und verteilte DNS-Dienste<br \/>\n(Domain Name Server) bereitstellt, die sich zwischen dem Besucher und dem Hosting-Anbieter des Cloudflare-Benutzers befinden und als Reverse-Proxy f\u00fcr Websites fungieren.<br \/>\nZugriffe auf Seiten der Rotehaus Site Group die bei Cloudflare angemeldet sind werden \u00fcber den Cloudflare Server umgeleitet. Die Cloudflare, Inc. hat ihre Datenschutzrichtlinien<br \/>\nden Europ\u00e4ischen Datenschutzrichtlinien agepasst weitere Informatioenen finden Sie hier:<br \/>\n<a href=\"https:\/\/www.cloudflare.com\/media\/pdf\/cloudflare-customer-dpa-20180402.pdf\" target=\"_blank\">https:\/\/www.cloudflare.com\/media\/pdf\/cloudflare-customer-dpa-20180402.pdf<\/a><\/p>\n<p><strong>ADCELL:<\/strong><\/p>\n<p>Auf Seiten der Rotehaus Site Group werden Anbebote von ADCELL eingebunden. ADCELL verwendet Coockies zur Steuerung von Werbeeinblendungen.<br \/>\nDie Daten erm\u00f6glichen es weder f\u00fcr ADCELL noch f\u00fcr die Anbieter der Webseite einen unmittelbaren Personenbezug herzuleiten.<br \/>\nInformationen zu dem Umgang mit personenbezogenen Daten durch ADCELL finden Sie hier:<br \/>\n<a href=\"https:\/\/www.adcell.de\/datenschutz\" target=\"_blank\">https:\/\/www.adcell.de\/datenschutz<\/a><br \/>\nDort k\u00f6nnen Sie auch der Erfassung Ihrer Daten widersprechen.<\/p>\n<p><strong>eingebundene Quellen<\/strong><br \/>\nDie Seiten der Rotehaus Site Group haben Inhalte aus folgenden Quellen eingebunden:<br \/>\n<a href=\"https:\/\/www.777partner.com\/\" target=\"_blank\">https:\/\/www.777partner.com\/<\/a><br \/>\n<a href=\"http:\/\/www.betacash.com\/\" target=\"_blank\">http:\/\/www.betacash.com\/<\/a><br \/>\n<a href=\"http:\/\/campartner.com\" target=\"_blank\">http:\/\/campartner.com<\/a><br \/>\n<a href=\"http:\/\/www.cash4members.com\/\" target=\"_blank\">http:\/\/www.cash4members.com\/<\/a><br \/>\n<a href=\"http:\/\/www.cashalizer.com\" target=\"_blank\">http:\/\/www.cashalizer.com<\/a><br \/>\n<a href=\"https:\/\/www.cashdorado.de\/\" target=\"_blank\">https:\/\/www.cashdorado.de\/<\/a><br \/>\n<a href=\"http:\/\/www.erotik-pp.com\" target=\"_blank\">http:\/\/www.erotik-pp.com<\/a><br \/>\n<a href=\"http:\/\/firstmobilecash.com\" target=\"_blank\">http:\/\/firstmobilecash.com<\/a><br \/>\n<a href=\"http:\/\/webmaster.frivol.com\/\" target=\"_blank\">http:\/\/webmaster.frivol.com\/<\/a><br \/>\n<a href=\"http:\/\/central.intermax-ag.com\" target=\"_blank\">http:\/\/central.intermax-ag.com<\/a><br \/>\n<a href=\"https:www.mbicash.nl\" target=\"_blank\">https:www.mbicash.nl<\/a><br \/>\n<a href=\"https:\/\/www.netdebit-payment.de\/\" target=\"_blank\">https:\/\/www.netdebit-payment.de\/<\/a><br \/>\n<a href=\"http:\/\/www.partnercash.de\/\" target=\"_blank\">http:\/\/www.partnercash.de\/<\/a><br \/>\n<a href=\"http:\/\/sexgoesmobile.com\/\" target=\"_blank\">http:\/\/sexgoesmobile.com\/<\/a><br \/>\n<a href=\"http:\/\/www.sexmoney.com\/\" target=\"_blank\">http:\/\/www.sexmoney.com\/<\/a><br \/>\n<a href=\"http:\/\/www.smsdate.com\/\" target=\"_blank\">http:\/\/www.smsdate.com\/<\/a><br \/>\n<a href=\"http:\/\/www.phonecash.tv\" target=\"_blank\">http:\/\/www.phonecash.tv<\/a><br \/>\n<a href=\"http:\/\/www.thrixxxcash.com\/\" target=\"_blank\">http:\/\/www.thrixxxcash.com\/<\/a><br \/>\n<a href=\"http:\/\/www.vxcash.net\" target=\"_blank\">http:\/\/www.vxcash.net<\/a><br \/>\n<a href=\"https:\/\/webmasterchannel.com\" target=\"_blank\">https:\/\/webmasterchannel.com<\/a><br \/>\n<a href=\"http:\/\/www.wondocash.com\/\" target=\"_blank\">http:\/\/www.wondocash.com\/<\/a><\/p>\n<p>Nach aktuellen Angaben der Betreibern der o.g. Seiten nehmen die eingebundenen Werbecodes der o.g. Seiten kein Tracking personenbezogener Daten auf<br \/>\nSeiten der Rotehaus Site Group vor. F\u00fcr den Datenschutz auf den o.g. Seiten sind die jeweiligen Seitenbetreiber selbst verantwortlich.<\/p>\n<p><strong>Wire 7<\/strong><br \/>\n<a href=\"http:\/\/cash.big7.com\/\" target=\"_blank\">http:\/\/cash.big7.com\/<\/a><br \/>\nAuf Seiten der Rotehaus Site Group werden Anbebote von Wire 7 (Wire 7 Ltd 483 Green Lanes London N13 4BS Company No. 8216530) eingebunden. Wire 7 verwendet<br \/>\nCoockies zur Steuerung von Werbeeinblendungen. Die Daten erm\u00f6glichen es Wire 7 nicht einen unmittelbaren Personenbezug herzuleiten.<br \/>\nInformationen zu dem Umgang mit personenbezogenen Daten durch Wire 7 finden Sie hier: <br \/>\n<a href=\"https:\/\/www.big7.com\/datenschutz.html\" target=\"_blank\">https:\/\/www.big7.com\/datenschutz.html <\/a><\/p>\n<p><strong>Newsletter-Abonnement:<\/strong><\/p>\n<p>Der Webseitenbetreiber bietet Ihnen einen Newsletter an, in welchem er Sie \u00fcber aktuelle Geschehnisse und Angebote informiert. M\u00f6chten Sie den Newsletter abonnieren,<br \/>\nm\u00fcssen Sie eine valide E-Mail-Adresse angeben.<\/p>\n<p><strong>Rechte des Nutzers:<\/strong> <\/p>\n<p>Auskunft, Berichtigung und L\u00f6schung<\/p>\n<p>Sie als Nutzer erhalten auf Antrag Ihrerseits kostenlose Auskunft dar\u00fcber, welche personenbezogenen Daten \u00fcber Sie gespeichert wurden. Sofern Ihr Wunsch nicht mit einer<br \/>\ngesetzlichen Pflicht zur Aufbewahrung von Daten (z. B. Vorratsdatenspeicherung) kollidiert, haben Sie ein Anrecht auf Berichtigung falscher Daten und auf die Sperrung oder L\u00f6schung<br \/>\nIhrer personenbezogenen Daten.<\/p>\n<p><strong>Durch den Nutzer \u00fcbersendete Daten:<\/strong><\/p>\n<p>Der Webseitenbetreiber wei\u00dft nochmal ausdr\u00fccklich darauf hin das Daten\u00fcbertragung im Internet als nicht sicher angesehen werden mussen.<br \/>\nDer Nutzer erkl\u00e4rt durch Anerkenntnis der Datenschutz Richtlinien das er der rechtlich vollumf\u00e4ngliche Besitzer der \u00fcbertragenen Daten ist.<br \/>\nDies gilt ins besonderen f\u00fcr Telefonnummer, E-Mailadressen und \u00fcbertragene Bilder und andere personalisierbare Daten. Der Nutzer stimmt der<br \/>\nVer\u00f6ffentlichung  der der Daten im Seitenverbund der Rotehaus Site Group ausdr\u00fccklich zu.<br \/>\nDie von Nutzer \u00fcbertragenen Daten werden nicht an Dritte weitergegeben, au\u00dfer bei strafrechtlichen relevanten Inhalten. Die vom Nutzer \u00fcbertragenen Daten<br \/>\nwerden nach Beendigung der Anzeigenlaufzeit unverz\u00fcglich und vollst\u00e4ndig gel\u00f6scht. Der Nutzer hat jederzeit das Recht seine Anzeige l\u00f6schen zulassen.<\/p>\n<p><strong>Pers\u00f6nlichkeitsrechte Dritter<\/strong><\/p>\n<p>Trotz sorgf\u00e4ltiger Pr\u00fcfung der durch Nutzer \u00fcbermittelte Daten kann der Webseitenbetreiber nicht sicherstellen das die \u00fcbertragenen Daten<br \/>\nfrei von rechten Dritter sind. Jeder Nutzer der seine Pers\u00f6nlichkeitsrechte verletzt sieht, hat eine Anspruch auf L\u00f6schung seiner Daten.<br \/>\nHierzu verwenden Sie bitte unser <a href=\"http:\/\/anfragen.rotehaus.net\/?herkunft=Datenschutzanfrage\" target=\"_blank\">Kontaktformular<\/a>.<br \/>\nDer Webseitenbetreiber ist nicht f\u00fcr die L\u00f6schung der beanstandeten Daten in den Suchmaschinen verantwortlich. Trotz L\u00f6schung der Daten auf den Servern des Seitenbetreibers<br \/>\nist nicht auszuschlie\u00dfen das die Daten noch in den Suchmaschinen zu finden sind. Die L\u00f6schung der in Rede stehenden Daten muss der Nutzer bei den Suchmaschinen beantragen.<\/p>\n<p><strong>Gew\u00e4hrleistungsausschluss<\/strong><\/p>\n<p>Die Informationen, Daten und Inhalte werden st\u00e4ndig gepr\u00fcft und aktualisiert. Trotz aller Sorgfalt k\u00f6nnen sich Angaben zwischenzeitlich ver\u00e4ndert haben.<br \/>\nDeshalb kann keine Haftung oder Garantie f\u00fcr Richtigkeit, Vollst\u00e4ndigkeit und Aktualit\u00e4t \u00fcbernommen werden.<\/p>\n","protected":false},"excerpt":{"rendered":"<p>Datenschutzerkl\u00e4rung Geltungsbereich Diese Datenschutzerkl\u00e4rung soll die Nutzer der Webseiten der Rotehaus Site Group gem\u00e4\u00df Bundesdatenschutzgesetz und Telemediengesetz sowie in \u00fcbereinstimmung mit der EU-DSGVO \u00fcber die Art, den Umfang und den Zweck der Erhebung und Verwendung personenbezogener Daten durch den Webseitenbetreiber Rotehaus Site Group informieren. Wir als Webseitenbetreiber nehmen Ihren Datenschutz sehr ernst, wir erfassen ausser\u2026 <a href=\"https:\/\/alpensex-kontakte.com\/dating\/datenschutzerklaerung\/\">weiterlesen<\/a><\/p>\n","protected":false},"author":1,"featured_media":0,"parent":0,"menu_order":0,"comment_status":"closed","ping_status":"closed","template":"","meta":{"om_disable_all_campaigns":false,"footnotes":""},"class_list":["post-12210","page","type-page","status-publish","hentry"],"aioseo_notices":[],"_links":{"self":[{"href":"https:\/\/alpensex-kontakte.com\/dating\/wp-json\/wp\/v2\/pages\/12210","targetHints":{"allow":["GET"]}}],"collection":[{"href":"https:\/\/alpensex-kontakte.com\/dating\/wp-json\/wp\/v2\/pages"}],"about":[{"href":"https:\/\/alpensex-kontakte.com\/dating\/wp-json\/wp\/v2\/types\/page"}],"author":[{"embeddable":true,"href":"https:\/\/alpensex-kontakte.com\/dating\/wp-json\/wp\/v2\/users\/1"}],"replies":[{"embeddable":true,"href":"https:\/\/alpensex-kontakte.com\/dating\/wp-json\/wp\/v2\/comments?post=12210"}],"version-history":[{"count":2,"href":"https:\/\/alpensex-kontakte.com\/dating\/wp-json\/wp\/v2\/pages\/12210\/revisions"}],"predecessor-version":[{"id":12213,"href":"https:\/\/alpensex-kontakte.com\/dating\/wp-json\/wp\/v2\/pages\/12210\/revisions\/12213"}],"wp:attachment":[{"href":"https:\/\/alpensex-kontakte.com\/dating\/wp-json\/wp\/v2\/media?parent=12210"}],"curies":[{"name":"wp","href":"https:\/\/api.w.org\/{rel}","templated":true}]}}